{"id":7333,"date":"2023-03-20T23:35:02","date_gmt":"2023-03-20T22:35:02","guid":{"rendered":"https:\/\/haldex-lsd.com\/contact\/"},"modified":"2023-03-20T23:35:02","modified_gmt":"2023-03-20T22:35:02","slug":"contact","status":"publish","type":"page","link":"https:\/\/haldex-lsd.com\/en\/contact\/","title":{"rendered":"Contact"},"content":{"rendered":"<style>.kb-row-layout-id_c8e963-be > .kt-row-column-wrap{align-content:start;}:where(.kb-row-layout-id_c8e963-be > .kt-row-column-wrap) > .wp-block-kadence-column{justify-content:start;}.kb-row-layout-id_c8e963-be > .kt-row-column-wrap{column-gap:var(--global-kb-gap-md, 2rem);row-gap:var(--global-kb-gap-md, 2rem);max-width:var( --global-content-width, 1400px );padding-left:var(--global-content-edge-padding);padding-right:var(--global-content-edge-padding);padding-top:var(--global-kb-spacing-sm, 1.5rem);padding-bottom:var(--global-kb-spacing-xl, 4rem);grid-template-columns:minmax(0, 1fr);}.kb-row-layout-id_c8e963-be{background-color:#ffffff;}.kb-row-layout-id_c8e963-be > .kt-row-layout-overlay{opacity:0.30;}@media all and (max-width: 1024px){.kb-row-layout-id_c8e963-be > .kt-row-column-wrap{grid-template-columns:minmax(0, 1fr);}}@media all and (max-width: 767px){.kb-row-layout-id_c8e963-be > .kt-row-column-wrap{grid-template-columns:minmax(0, 1fr);}}<\/style><div class=\"kb-row-layout-wrap kb-row-layout-id_c8e963-be alignnone kt-row-has-bg wp-block-kadence-rowlayout\"><div class=\"kt-row-column-wrap kt-has-1-columns kt-row-layout-equal kt-tab-layout-inherit kt-mobile-layout-row kt-row-valign-top kb-theme-content-width\">\n<style>.kadence-column_619f10-42 > .kt-inside-inner-col,.kadence-column_619f10-42 > .kt-inside-inner-col:before{border-top-left-radius:0px;border-top-right-radius:0px;border-bottom-right-radius:0px;border-bottom-left-radius:0px;}.kadence-column_619f10-42 > .kt-inside-inner-col:before{opacity:0.3;}.kadence-column_619f10-42{position:relative;}<\/style>\n<div class=\"wp-block-kadence-column kadence-column_619f10-42\"><div class=\"kt-inside-inner-col\"><style>.wp-block-kadence-advancedheading.kt-adv-heading_e1bfe5-cc, .wp-block-kadence-advancedheading.kt-adv-heading_e1bfe5-cc[data-kb-block=\"kb-adv-heading_e1bfe5-cc\"]{padding-top:0px;padding-right:0px;padding-bottom:0px;padding-left:0px;margin-top:0px;margin-right:0px;margin-bottom:25px;margin-left:0px;text-align:center;font-size:34px;font-weight:500;font-style:normal;font-family:Rubik;text-transform:uppercase;letter-spacing:2px;}.wp-block-kadence-advancedheading.kt-adv-heading_e1bfe5-cc mark, .wp-block-kadence-advancedheading.kt-adv-heading_e1bfe5-cc[data-kb-block=\"kb-adv-heading_e1bfe5-cc\"] mark{font-style:normal;color:#f76a0c;padding-top:0px;padding-right:0px;padding-bottom:0px;padding-left:0px;}<\/style>\n<h3 class=\"kt-adv-heading_e1bfe5-cc wp-block-kadence-advancedheading\" data-kb-block=\"kb-adv-heading_e1bfe5-cc\">CONTACT<\/h3>\n\n\n\n<hr class=\"wp-block-separator has-text-color has-black-color has-alpha-channel-opacity has-black-background-color has-background is-style-default\"\/>\n\n\n<style>.wp-block-kadence-advancedheading.kt-adv-heading_b3c893-fd, .wp-block-kadence-advancedheading.kt-adv-heading_b3c893-fd[data-kb-block=\"kb-adv-heading_b3c893-fd\"]{margin-top:30px;text-align:center;font-size:18px;line-height:36px;font-weight:400;font-style:normal;font-family:Rubik;color:#000000;}.wp-block-kadence-advancedheading.kt-adv-heading_b3c893-fd mark, .wp-block-kadence-advancedheading.kt-adv-heading_b3c893-fd[data-kb-block=\"kb-adv-heading_b3c893-fd\"] mark{font-style:normal;color:#f76a0c;padding-top:0px;padding-right:0px;padding-bottom:0px;padding-left:0px;}<\/style>\n<p class=\"kt-adv-heading_b3c893-fd wp-block-kadence-advancedheading\" data-kb-block=\"kb-adv-heading_b3c893-fd\">We\u2019re ready to provide any information you may need<\/p>\n\n\n<style>.kb-row-layout-id_979b82-75 > .kt-row-column-wrap{align-content:start;}:where(.kb-row-layout-id_979b82-75 > .kt-row-column-wrap) > .wp-block-kadence-column{justify-content:start;}.kb-row-layout-id_979b82-75 > .kt-row-column-wrap{column-gap:var(--global-kb-gap-md, 2rem);row-gap:var(--global-kb-gap-md, 2rem);padding-top:var(--global-kb-spacing-sm, 1.5rem);padding-bottom:var(--global-kb-spacing-sm, 1.5rem);grid-template-columns:repeat(2, minmax(0, 1fr));}.kb-row-layout-id_979b82-75 > .kt-row-layout-overlay{opacity:0.30;}@media all and (max-width: 1024px){.kb-row-layout-id_979b82-75 > .kt-row-column-wrap{grid-template-columns:repeat(2, minmax(0, 1fr));}}@media all and (max-width: 767px){.kb-row-layout-id_979b82-75 > .kt-row-column-wrap{grid-template-columns:minmax(0, 1fr);}}<\/style><div class=\"kb-row-layout-wrap kb-row-layout-id_979b82-75 alignnone wp-block-kadence-rowlayout\"><div class=\"kt-row-column-wrap kt-has-2-columns kt-row-layout-equal kt-tab-layout-inherit kt-mobile-layout-row kt-row-valign-top\">\n<style>.kadence-column_e941d2-bc > .kt-inside-inner-col{padding-top:var(--global-kb-spacing-sm, 1.5rem);padding-right:var(--global-kb-spacing-sm, 1.5rem);padding-bottom:var(--global-kb-spacing-sm, 1.5rem);padding-left:var(--global-kb-spacing-sm, 1.5rem);}.kadence-column_e941d2-bc > .kt-inside-inner-col{border-top:2px solid #dadada;border-right:2px solid #dadada;border-bottom:2px solid #dadada;border-left:2px solid #dadada;}.kadence-column_e941d2-bc > .kt-inside-inner-col,.kadence-column_e941d2-bc > .kt-inside-inner-col:before{border-top-left-radius:0px;border-top-right-radius:0px;border-bottom-right-radius:0px;border-bottom-left-radius:0px;}.kadence-column_e941d2-bc > .kt-inside-inner-col:before{opacity:0.3;}.kadence-column_e941d2-bc{position:relative;}@media all and (max-width: 1024px){.kadence-column_e941d2-bc > .kt-inside-inner-col{border-top:2px solid #dadada;border-right:2px solid #dadada;border-bottom:2px solid #dadada;border-left:2px solid #dadada;}}@media all and (max-width: 767px){.kadence-column_e941d2-bc > .kt-inside-inner-col{border-top:2px solid #dadada;border-right:2px solid #dadada;border-bottom:2px solid #dadada;border-left:2px solid #dadada;}}<\/style>\n<div class=\"wp-block-kadence-column kadence-column_e941d2-bc\"><div class=\"kt-inside-inner-col\"><style>.wp-block-kadence-advancedheading.kt-adv-heading_f3a3a4-d3, .wp-block-kadence-advancedheading.kt-adv-heading_f3a3a4-d3[data-kb-block=\"kb-adv-heading_f3a3a4-d3\"]{padding-top:0px;padding-right:0px;padding-bottom:0px;padding-left:0px;margin-top:0px;margin-right:0px;margin-bottom:25px;margin-left:0px;text-align:left;font-size:20px;font-weight:500;font-style:normal;font-family:Rubik;text-transform:uppercase;letter-spacing:2px;}.wp-block-kadence-advancedheading.kt-adv-heading_f3a3a4-d3 mark, .wp-block-kadence-advancedheading.kt-adv-heading_f3a3a4-d3[data-kb-block=\"kb-adv-heading_f3a3a4-d3\"] mark{font-style:normal;color:#f76a0c;padding-top:0px;padding-right:0px;padding-bottom:0px;padding-left:0px;}<\/style>\n<h3 class=\"kt-adv-heading_f3a3a4-d3 wp-block-kadence-advancedheading\" data-kb-block=\"kb-adv-heading_f3a3a4-d3\">Contact Form<\/h3>\n\n\n<style>.wp-block-kadence-advancedheading.kt-adv-heading_dbf225-95, .wp-block-kadence-advancedheading.kt-adv-heading_dbf225-95[data-kb-block=\"kb-adv-heading_dbf225-95\"]{margin-top:30px;text-align:left;font-size:18px;line-height:36px;font-weight:400;font-style:normal;font-family:Rubik;color:#000000;}.wp-block-kadence-advancedheading.kt-adv-heading_dbf225-95 mark, .wp-block-kadence-advancedheading.kt-adv-heading_dbf225-95[data-kb-block=\"kb-adv-heading_dbf225-95\"] mark{font-style:normal;color:#f76a0c;padding-top:0px;padding-right:0px;padding-bottom:0px;padding-left:0px;}<\/style>\n<p class=\"kt-adv-heading_dbf225-95 wp-block-kadence-advancedheading\" data-kb-block=\"kb-adv-heading_dbf225-95\">Please feel free to ask us questions here, we will try to answer them as soon as possible.<\/p>\n\n\n<style>.kadence-form-_0a6ded-9c .kb-form .kadence-blocks-form-field .kb-text-style-field, .kadence-form-_0a6ded-9c .kb-form .kadence-blocks-form-field .kb-select-style-field{color:#585a5c;border-radius:0px;font-size:var(--global-kb-font-size-sm, 0.9rem);line-height:1.49em;border-width:1px 1px 1px 1px;border-color:#dadada;}.kadence-form-_0a6ded-9c .kb-form .kadence-blocks-form-field .kb-forms-submit{color:var(--global-palette9, #ffffff);border-radius:0px;border-width:0px 0px 0px 0px;background:#000000;}.kadence-form-_0a6ded-9c .kb-form .kadence-blocks-form-field .kb-forms-submit:hover, .kadence-form-_0a6ded-9c .kb-form .kadence-blocks-form-field .kb-forms-submit:focus {background:#585a5c;}.kadence-form-_0a6ded-9c .kb-form .kadence-blocks-form-field .kb-forms-submit{padding-top:13px;padding-right:25px;padding-bottom:11px;padding-left:25px;}.kadence-form-_0a6ded-9c .kb-form .kadence-blocks-form-field .kb-forms-submit{font-size:var(--global-kb-font-size-sm, 0.9rem);line-height:15px;letter-spacing:2px;text-transform:uppercase;font-family:Rubik;font-style:normal;font-weight:500;}<\/style>\n<div class=\"wp-block-kadence-form kadence-form-_0a6ded-9c kb-form-wrap\"><form class=\"kb-form\" action=\"\" method=\"post\"><div class=\"kadence-blocks-form-field kb-field-desk-width-100 kb-input-size-standard\"><input name=\"kb_field_0\" id=\"kb_field__0a6ded-9c_0\" data-label=\"Name\" type=\"text\" placeholder=\"Name*\" value=\"\" data-type=\"text\" class=\"kb-field kb-text-style-field kb-text-field kb-field-0\" data-required=\"yes\"\/><\/div><div class=\"kadence-blocks-form-field kb-form-field-1 kb-field-desk-width-100 kb-input-size-standard\"><input name=\"kb_field_1\" id=\"kb_field__0a6ded-9c_1\" data-label=\"Email\" type=\"email\" placeholder=\"Email*\" value=\"\" data-type=\"email\" class=\"kb-field kb-text-style-field kb-email-field kb-field-1\" data-required=\"yes\"\/><\/div><div class=\"kadence-blocks-form-field kb-form-field-2 kb-field-desk-width-100 kb-input-size-standard\"><textarea name=\"kb_field_2\" id=\"kb_field__0a6ded-9c_2\" data-label=\"Message\" type=\"textarea\" placeholder=\"Your Message...\" data-type=\"textarea\" class=\"kb-field kb-text-style-field kb-textarea-field kb-field-2\" rows=\"4\" data-required=\"yes\"><\/textarea><\/div><input type=\"hidden\" name=\"_kb_form_id\" value=\"_0a6ded-9c\"\/><input type=\"hidden\" name=\"_kb_form_post_id\" value=\"1886\"\/><input type=\"hidden\" name=\"action\" value=\"kb_process_ajax_submit\"\/><input class=\"kadence-blocks-field verify\" type=\"text\" name=\"_kb_verify_email\" autocomplete=\"new-password\" aria-hidden=\"true\" placeholder=\"Email\" tabindex=\"-1\" data-1p-ignore=\"true\" data-lpignore=\"true\" \/><div class=\"kadence-blocks-form-field kb-submit-field kb-field-desk-width-100\"><button class=\"kb-forms-submit button kb-button-size-custom kb-button-width-auto\">SEND<\/button><\/div><\/form><\/div>\n<noscript><div class=\"kadence-blocks-form-message kadence-blocks-form-warning\">Please enable JavaScript in your browser to submit the form<\/div><style>.kadence-form-_0a6ded-9c .kadence-blocks-form-field.kb-submit-field { display: none; }<\/style><\/noscript><\/div><\/div>\n\n\n<style>.kadence-column_ba62a1-15 > .kt-inside-inner-col,.kadence-column_ba62a1-15 > .kt-inside-inner-col:before{border-top-left-radius:0px;border-top-right-radius:0px;border-bottom-right-radius:0px;border-bottom-left-radius:0px;}.kadence-column_ba62a1-15 > .kt-inside-inner-col:before{opacity:0.3;}.kadence-column_ba62a1-15{position:relative;}<\/style>\n<div class=\"wp-block-kadence-column kadence-column_ba62a1-15\"><div class=\"kt-inside-inner-col\"><style>.kb-google-maps-container_ee17f5-eb{height:450px;}.kb-google-maps-container_ee17f5-eb{filter:grayscale(100%);}<\/style>\n<div class=\"kb-google-maps-container kb-google-maps-container_ee17f5-eb\" data-mapid=\"_ee17f5-eb\"><iframe width=\"100%\" height=\"100%\" style=\"border:0\" loading=\"lazy\" src=\"https:\/\/www.google.com\/maps\/embed\/v1\/place?key=AIzaSyBAM2o7PiQqwk15LC1XRH2e_KJ-jUa7KYk&amp;zoom=15&amp;maptype=roadmap&amp;q=Kapellenweg%204%2C%204643%20Pettenbach\"><\/iframe><\/div>\r\n<script>function kb_google_map_ee17f5_eb() { let center = { lat: 37.8201, lng: -122.4781}; let map = new google.maps.Map(document.getElementById(\"kb-google-map_ee17f5-eb\"), {\n\t\t\t\t\t    zoom: 15,\n\t\t\t\t\t    center: center,});let marker = new google.maps.Marker({   position: { lat: 37.8201, lng: -122.4781},    map: map,  });}<\/script><\/div><\/div>\n\n<\/div><\/div>\n\n<style>.kb-row-layout-id_c40459-7a > .kt-row-column-wrap{align-content:start;}:where(.kb-row-layout-id_c40459-7a > .kt-row-column-wrap) > .wp-block-kadence-column{justify-content:start;}.kb-row-layout-id_c40459-7a > .kt-row-column-wrap{column-gap:var(--global-kb-gap-md, 2rem);row-gap:var(--global-kb-gap-md, 2rem);padding-top:var(--global-kb-spacing-sm, 1.5rem);padding-bottom:var(--global-kb-spacing-sm, 1.5rem);grid-template-columns:repeat(3, minmax(0, 1fr));}.kb-row-layout-id_c40459-7a > .kt-row-layout-overlay{opacity:0.30;}@media all and (max-width: 1024px){.kb-row-layout-id_c40459-7a > .kt-row-column-wrap{grid-template-columns:repeat(3, minmax(0, 1fr));}}@media all and (max-width: 767px){.kb-row-layout-id_c40459-7a > .kt-row-column-wrap{grid-template-columns:minmax(0, 1fr);}}<\/style><div class=\"kb-row-layout-wrap kb-row-layout-id_c40459-7a alignnone wp-block-kadence-rowlayout\"><div class=\"kt-row-column-wrap kt-has-3-columns kt-row-layout-equal kt-tab-layout-inherit kt-mobile-layout-row kt-row-valign-top\">\n<style>.kadence-column_ee49bd-19 > .kt-inside-inner-col,.kadence-column_ee49bd-19 > .kt-inside-inner-col:before{border-top-left-radius:0px;border-top-right-radius:0px;border-bottom-right-radius:0px;border-bottom-left-radius:0px;}.kadence-column_ee49bd-19 > .kt-inside-inner-col:before{opacity:0.3;}.kadence-column_ee49bd-19{position:relative;}<\/style>\n<div class=\"wp-block-kadence-column kadence-column_ee49bd-19\"><div class=\"kt-inside-inner-col\"><style>.wp-block-kadence-advancedheading.kt-adv-heading_2316b4-d1, .wp-block-kadence-advancedheading.kt-adv-heading_2316b4-d1[data-kb-block=\"kb-adv-heading_2316b4-d1\"]{padding-top:0px;padding-right:0px;padding-bottom:0px;padding-left:0px;margin-top:0px;margin-right:0px;margin-bottom:25px;margin-left:0px;text-align:left;font-size:16px;font-weight:500;font-style:normal;font-family:Rubik;text-transform:uppercase;letter-spacing:2px;}.wp-block-kadence-advancedheading.kt-adv-heading_2316b4-d1[data-kb-block=\"kb-adv-heading_2316b4-d1\"]{display:flex;gap:0.25em;justify-content:left;align-items:center;}.wp-block-kadence-advancedheading.kt-adv-heading_2316b4-d1[data-kb-block=\"kb-adv-heading_2316b4-d1\"] .kb-adv-heading-icon svg{width:1em;height:1em;}.wp-block-kadence-advancedheading.kt-adv-heading_2316b4-d1[data-kb-block=\"kb-adv-heading_2316b4-d1\"] .kb-adv-heading-icon{font-size:18px;}.wp-block-kadence-advancedheading.kt-adv-heading_2316b4-d1 mark, .wp-block-kadence-advancedheading.kt-adv-heading_2316b4-d1[data-kb-block=\"kb-adv-heading_2316b4-d1\"] mark{font-style:normal;color:#f76a0c;padding-top:0px;padding-right:0px;padding-bottom:0px;padding-left:0px;}<\/style><h3 class=\"kt-adv-heading_2316b4-d1 wp-block-kadence-advancedheading kt-adv-heading-has-icon\" data-kb-block=\"kb-adv-heading_2316b4-d1\"><span class=\"kb-svg-icon-wrap kb-adv-heading-icon kb-svg-icon-fe_mapPin kb-adv-heading-icon-side-left\"><svg viewBox=\"0 0 24 24\"  fill=\"none\" stroke=\"currentColor\" stroke-width=\"2\" stroke-linecap=\"round\" stroke-linejoin=\"round\" xmlns=\"http:\/\/www.w3.org\/2000\/svg\"  aria-hidden=\"true\"><path d=\"M21 10c0 7-9 13-9 13s-9-6-9-13a9 9 0 0 1 18 0z\"\/><circle cx=\"12\" cy=\"10\" r=\"3\"\/><\/svg><\/span><span class=\"kb-adv-text-inner\">OUR ADDRESS<\/span><\/h3>\n\n<style>.wp-block-kadence-spacer.kt-block-spacer-_4cbe7f-85 .kt-block-spacer{height:10px;}.wp-block-kadence-spacer.kt-block-spacer-_4cbe7f-85 .kt-divider{border-top-width:1px;height:1px;border-top-color:#000000;width:50px;border-top-style:solid;}<\/style>\n<div class=\"wp-block-kadence-spacer aligncenter kt-block-spacer-_4cbe7f-85\"><div class=\"kt-block-spacer kt-block-spacer-halign-left\"><hr class=\"kt-divider\"\/><\/div><\/div>\n\n\n<style>.wp-block-kadence-advancedheading.kt-adv-heading_1c80ab-b0, .wp-block-kadence-advancedheading.kt-adv-heading_1c80ab-b0[data-kb-block=\"kb-adv-heading_1c80ab-b0\"]{margin-top:15px;text-align:left;font-size:18px;line-height:36px;font-weight:400;font-style:normal;font-family:Rubik;color:#000000;}.wp-block-kadence-advancedheading.kt-adv-heading_1c80ab-b0 mark, .wp-block-kadence-advancedheading.kt-adv-heading_1c80ab-b0[data-kb-block=\"kb-adv-heading_1c80ab-b0\"] mark{font-style:normal;color:#f76a0c;padding-top:0px;padding-right:0px;padding-bottom:0px;padding-left:0px;}<\/style>\n<p class=\"kt-adv-heading_1c80ab-b0 wp-block-kadence-advancedheading\" data-kb-block=\"kb-adv-heading_1c80ab-b0\">Kapellenweg 4<br\/>4643 Pettenbach (O\u00d6)<br\/>\u00d6sterreich<\/p>\n<\/div><\/div>\n\n\n<style>.kadence-column_a0289e-23 > .kt-inside-inner-col,.kadence-column_a0289e-23 > .kt-inside-inner-col:before{border-top-left-radius:0px;border-top-right-radius:0px;border-bottom-right-radius:0px;border-bottom-left-radius:0px;}.kadence-column_a0289e-23 > .kt-inside-inner-col:before{opacity:0.3;}.kadence-column_a0289e-23{position:relative;}<\/style>\n<div class=\"wp-block-kadence-column kadence-column_a0289e-23\"><div class=\"kt-inside-inner-col\"><style>.wp-block-kadence-advancedheading.kt-adv-heading_28ae3a-20, .wp-block-kadence-advancedheading.kt-adv-heading_28ae3a-20[data-kb-block=\"kb-adv-heading_28ae3a-20\"]{padding-top:0px;padding-right:0px;padding-bottom:0px;padding-left:0px;margin-top:0px;margin-right:0px;margin-bottom:25px;margin-left:0px;text-align:left;font-size:16px;font-weight:500;font-style:normal;font-family:Rubik;text-transform:uppercase;letter-spacing:2px;}.wp-block-kadence-advancedheading.kt-adv-heading_28ae3a-20[data-kb-block=\"kb-adv-heading_28ae3a-20\"]{display:flex;gap:0.25em;justify-content:left;align-items:center;}.wp-block-kadence-advancedheading.kt-adv-heading_28ae3a-20[data-kb-block=\"kb-adv-heading_28ae3a-20\"] .kb-adv-heading-icon svg{width:1em;height:1em;}.wp-block-kadence-advancedheading.kt-adv-heading_28ae3a-20[data-kb-block=\"kb-adv-heading_28ae3a-20\"] .kb-adv-heading-icon{font-size:18px;}.wp-block-kadence-advancedheading.kt-adv-heading_28ae3a-20 mark, .wp-block-kadence-advancedheading.kt-adv-heading_28ae3a-20[data-kb-block=\"kb-adv-heading_28ae3a-20\"] mark{font-style:normal;color:#f76a0c;padding-top:0px;padding-right:0px;padding-bottom:0px;padding-left:0px;}<\/style><h3 class=\"kt-adv-heading_28ae3a-20 wp-block-kadence-advancedheading kt-adv-heading-has-icon\" data-kb-block=\"kb-adv-heading_28ae3a-20\"><span class=\"kb-svg-icon-wrap kb-adv-heading-icon kb-svg-icon-fe_mail kb-adv-heading-icon-side-left\"><svg viewBox=\"0 0 24 24\"  fill=\"none\" stroke=\"currentColor\" stroke-width=\"2\" stroke-linecap=\"round\" stroke-linejoin=\"round\" xmlns=\"http:\/\/www.w3.org\/2000\/svg\"  aria-hidden=\"true\"><path d=\"M4 4h16c1.1 0 2 .9 2 2v12c0 1.1-.9 2-2 2H4c-1.1 0-2-.9-2-2V6c0-1.1.9-2 2-2z\"\/><polyline points=\"22,6 12,13 2,6\"\/><\/svg><\/span><span class=\"kb-adv-text-inner\">EMAIL<\/span><\/h3>\n\n<style>.wp-block-kadence-spacer.kt-block-spacer-_09ed6b-55 .kt-block-spacer{height:10px;}.wp-block-kadence-spacer.kt-block-spacer-_09ed6b-55 .kt-divider{border-top-width:1px;height:1px;border-top-color:#000000;width:50px;border-top-style:solid;}<\/style>\n<div class=\"wp-block-kadence-spacer aligncenter kt-block-spacer-_09ed6b-55\"><div class=\"kt-block-spacer kt-block-spacer-halign-left\"><hr class=\"kt-divider\"\/><\/div><\/div>\n\n\n<style>.wp-block-kadence-advancedheading.kt-adv-heading_f5da5b-43, .wp-block-kadence-advancedheading.kt-adv-heading_f5da5b-43[data-kb-block=\"kb-adv-heading_f5da5b-43\"]{margin-top:15px;text-align:left;font-size:18px;line-height:36px;font-weight:400;font-style:normal;font-family:Rubik;color:#000000;}.wp-block-kadence-advancedheading.kt-adv-heading_f5da5b-43 mark, .wp-block-kadence-advancedheading.kt-adv-heading_f5da5b-43[data-kb-block=\"kb-adv-heading_f5da5b-43\"] mark{font-style:normal;color:#f76a0c;padding-top:0px;padding-right:0px;padding-bottom:0px;padding-left:0px;}<\/style>\n<p class=\"kt-adv-heading_f5da5b-43 wp-block-kadence-advancedheading\" data-kb-block=\"kb-adv-heading_f5da5b-43\">B\u00fcro:\u00a0<a href=\"mailto:office@haldex-lsd.com\">office@haldex-lsd.com<\/a><\/p>\n<\/div><\/div>\n\n\n<style>.kadence-column_41164a-4c > .kt-inside-inner-col,.kadence-column_41164a-4c > .kt-inside-inner-col:before{border-top-left-radius:0px;border-top-right-radius:0px;border-bottom-right-radius:0px;border-bottom-left-radius:0px;}.kadence-column_41164a-4c > .kt-inside-inner-col:before{opacity:0.3;}.kadence-column_41164a-4c{position:relative;}<\/style>\n<div class=\"wp-block-kadence-column kadence-column_41164a-4c\"><div class=\"kt-inside-inner-col\"><style>.wp-block-kadence-advancedheading.kt-adv-heading_ef7cc2-ce, .wp-block-kadence-advancedheading.kt-adv-heading_ef7cc2-ce[data-kb-block=\"kb-adv-heading_ef7cc2-ce\"]{padding-top:0px;padding-right:0px;padding-bottom:0px;padding-left:0px;margin-top:0px;margin-right:0px;margin-bottom:25px;margin-left:0px;text-align:left;font-size:16px;font-weight:500;font-style:normal;font-family:Rubik;text-transform:uppercase;letter-spacing:2px;}.wp-block-kadence-advancedheading.kt-adv-heading_ef7cc2-ce[data-kb-block=\"kb-adv-heading_ef7cc2-ce\"]{display:flex;gap:0.25em;justify-content:left;align-items:center;}.wp-block-kadence-advancedheading.kt-adv-heading_ef7cc2-ce[data-kb-block=\"kb-adv-heading_ef7cc2-ce\"] .kb-adv-heading-icon svg{width:1em;height:1em;}.wp-block-kadence-advancedheading.kt-adv-heading_ef7cc2-ce[data-kb-block=\"kb-adv-heading_ef7cc2-ce\"] .kb-adv-heading-icon{font-size:18px;}.wp-block-kadence-advancedheading.kt-adv-heading_ef7cc2-ce mark, .wp-block-kadence-advancedheading.kt-adv-heading_ef7cc2-ce[data-kb-block=\"kb-adv-heading_ef7cc2-ce\"] mark{font-style:normal;color:#f76a0c;padding-top:0px;padding-right:0px;padding-bottom:0px;padding-left:0px;}<\/style><h3 class=\"kt-adv-heading_ef7cc2-ce wp-block-kadence-advancedheading kt-adv-heading-has-icon\" data-kb-block=\"kb-adv-heading_ef7cc2-ce\"><span class=\"kb-svg-icon-wrap kb-adv-heading-icon kb-svg-icon-fe_phoneCall kb-adv-heading-icon-side-left\"><svg viewBox=\"0 0 24 24\"  fill=\"none\" stroke=\"currentColor\" stroke-width=\"2\" stroke-linecap=\"round\" stroke-linejoin=\"round\" xmlns=\"http:\/\/www.w3.org\/2000\/svg\"  aria-hidden=\"true\"><path d=\"M15.05 5A5 5 0 0 1 19 8.95M15.05 1A9 9 0 0 1 23 8.94m-1 7.98v3a2 2 0 0 1-2.18 2 19.79 19.79 0 0 1-8.63-3.07 19.5 19.5 0 0 1-6-6 19.79 19.79 0 0 1-3.07-8.67A2 2 0 0 1 4.11 2h3a2 2 0 0 1 2 1.72 12.84 12.84 0 0 0 .7 2.81 2 2 0 0 1-.45 2.11L8.09 9.91a16 16 0 0 0 6 6l1.27-1.27a2 2 0 0 1 2.11-.45 12.84 12.84 0 0 0 2.81.7A2 2 0 0 1 22 16.92z\"\/><\/svg><\/span><span class=\"kb-adv-text-inner\">PHONE<\/span><\/h3>\n\n<style>.wp-block-kadence-spacer.kt-block-spacer-_76e254-27 .kt-block-spacer{height:10px;}.wp-block-kadence-spacer.kt-block-spacer-_76e254-27 .kt-divider{border-top-width:1px;height:1px;border-top-color:#000000;width:50px;border-top-style:solid;}<\/style>\n<div class=\"wp-block-kadence-spacer aligncenter kt-block-spacer-_76e254-27\"><div class=\"kt-block-spacer kt-block-spacer-halign-left\"><hr class=\"kt-divider\"\/><\/div><\/div>\n\n\n<style>.wp-block-kadence-advancedheading.kt-adv-heading_2a4e2c-a8, .wp-block-kadence-advancedheading.kt-adv-heading_2a4e2c-a8[data-kb-block=\"kb-adv-heading_2a4e2c-a8\"]{margin-top:15px;text-align:left;font-size:18px;line-height:36px;font-weight:400;font-style:normal;font-family:Rubik;color:#000000;}.wp-block-kadence-advancedheading.kt-adv-heading_2a4e2c-a8 mark, .wp-block-kadence-advancedheading.kt-adv-heading_2a4e2c-a8[data-kb-block=\"kb-adv-heading_2a4e2c-a8\"] mark{font-style:normal;color:#f76a0c;padding-top:0px;padding-right:0px;padding-bottom:0px;padding-left:0px;}<\/style>\n<p class=\"kt-adv-heading_2a4e2c-a8 wp-block-kadence-advancedheading\" data-kb-block=\"kb-adv-heading_2a4e2c-a8\">B\u00fcro:\u00a0<a href=\"tel:069910735515\">0699 10735515<\/a><\/p>\n<\/div><\/div>\n\n<\/div><\/div><\/div><\/div>\n\n<\/div><\/div>","protected":false},"excerpt":{"rendered":"<p>CONTACT We\u2019re ready to provide any information you may need Contact Form Please feel free to ask us questions here, we will try to answer them as soon as possible. OUR ADDRESS Kapellenweg 44643 Pettenbach (O\u00d6)\u00d6sterreich EMAIL B\u00fcro:\u00a0office@haldex-lsd.com PHONE B\u00fcro:\u00a00699 10735515<\/p>\n","protected":false},"author":1,"featured_media":0,"parent":0,"menu_order":0,"comment_status":"closed","ping_status":"closed","template":"","meta":{"_kad_blocks_custom_css":"","_kad_blocks_head_custom_js":"","_kad_blocks_body_custom_js":"","_kad_blocks_footer_custom_js":"","_kad_post_transparent":"","_kad_post_title":"","_kad_post_layout":"","_kad_post_sidebar_id":"","_kad_post_content_style":"","_kad_post_vertical_padding":"","_kad_post_feature":"","_kad_post_feature_position":"","_kad_post_header":false,"_kad_post_footer":false},"featured_image_src_large":false,"author_info":{"display_name":"Bernhard Gschwenter","author_link":"https:\/\/haldex-lsd.com\/en\/author\/powerzone-gmbh\/"},"comment_info":0,"taxonomy_info":[],"_links":{"self":[{"href":"https:\/\/haldex-lsd.com\/en\/wp-json\/wp\/v2\/pages\/7333"}],"collection":[{"href":"https:\/\/haldex-lsd.com\/en\/wp-json\/wp\/v2\/pages"}],"about":[{"href":"https:\/\/haldex-lsd.com\/en\/wp-json\/wp\/v2\/types\/page"}],"author":[{"embeddable":true,"href":"https:\/\/haldex-lsd.com\/en\/wp-json\/wp\/v2\/users\/1"}],"replies":[{"embeddable":true,"href":"https:\/\/haldex-lsd.com\/en\/wp-json\/wp\/v2\/comments?post=7333"}],"version-history":[{"count":1,"href":"https:\/\/haldex-lsd.com\/en\/wp-json\/wp\/v2\/pages\/7333\/revisions"}],"predecessor-version":[{"id":7334,"href":"https:\/\/haldex-lsd.com\/en\/wp-json\/wp\/v2\/pages\/7333\/revisions\/7334"}],"wp:attachment":[{"href":"https:\/\/haldex-lsd.com\/en\/wp-json\/wp\/v2\/media?parent=7333"}],"curies":[{"name":"wp","href":"https:\/\/api.w.org\/{rel}","templated":true}]}}