{"id":4963,"date":"2020-11-04T14:00:32","date_gmt":"2020-11-04T13:00:32","guid":{"rendered":"https:\/\/haldex-lsd.com\/?post_type=product&#038;p=4963"},"modified":"2023-03-26T18:06:02","modified_gmt":"2023-03-26T16:06:02","slug":"pontiac-g8-2008-09-chevrolet-ss-2014","status":"publish","type":"product","link":"https:\/\/haldex-lsd.com\/en\/produkt\/pontiac-g8-2008-09-chevrolet-ss-2014\/","title":{"rendered":"Pontiac G8 2008-09 Chevrolet SS 2014>"},"content":{"rendered":"<p>Einfach ausgedr\u00fcckt &#8211; Wavetrac ist das einzige Zahnraddifferential auf dem Markt, das nicht jeglichen Antrieb verliert, wenn eine Achse unbelastet ist. Achsen werden unbelastet bei aggressivem Fahrverhalten, Kurvenfahrten, extrem rutschigem Untergrund usw. Es passiert mehr, als den meisten Menschen bewusst ist.<\/p>\n<p>Wir werden an dieser Stelle nicht auf Drehmomentvorspannungsverh\u00e4ltnisse oder das Konzept, wie Drehmomentvorspannungsdifferentiale funktionieren, eingehen. Lassen Sie uns dazu kommen, wie der Wavetrac die Leistung beeinflusst:<\/p>\n<p>Sie haben zum Beispiel ein konventionelles Getriebedifferential (OEM, Quaife, MF, OBX, Truetrac, Torsen usw.), Sie sind einen Renntag lang auf der Rennstrecke und w\u00e4hrend der Kurvenfahrt st\u00f6\u00dft Ihr Innenrad \u00fcber den D\u00e4mpfer. Dies ist beim Fahren auf der Rennstrecke normal. Das Problem ist, dass f\u00fcr die kurzen Momente, in denen Ihr innerer Reifen beim \u00dcberfahren von Bordsteinkanten unbelastet ist, Ihr anderes Rad keinen Antrieb bekommt &#8211; nicht die Leistung herunterf\u00e4hrt. Getriebediffs ben\u00f6tigen eine Belastung beider Achsen, um zu funktionieren. Das Ergebnis auf einer Strecke (oder bei aggressiver Fahrweise) ist, dass ein normales Getriebedifferential in vielen F\u00e4llen nur intermittierend Leistung an das Greifrad abgibt.<\/p>\n<p>Jetzt die gleiche Spur mit Wavetrac: Die patentierte Nockenvorrichtung im Wavetrac verhindert Antriebsverluste, wenn das Innenrad unbelastet ist. Die Vorrichtung ist in der Lage, eine Last innerhalb des Differentialgetriebes zu erzeugen (um die verlorene Last zu ersetzen, wenn dies geschieht), die dann auf das Greifrad vorgespannt werden kann &#8211; was letztendlich zu einer gleichm\u00e4\u00dfigeren Leistungsabgabe durch eine Kurve f\u00fchrt. Dadurch wird das Fahrzeug vorhersehbarer und insgesamt schneller.<\/p>\n<p>Weitere Vorteile:<\/p>\n<p>Patentierte Kohlefaser-Vorspannplatte f\u00fcr die Ritzel. Alle anderen LSDs mit Zahnradantrieb lassen die Ritzel auf dem Geh\u00e4use laufen, was bedeutet, dass die Reibung von 0 Meilen auf 100 Meilen unterschiedlich ist, wodurch die Wirksamkeit \u00fcber die Lebensdauer des Differentialgetriebes reduziert wird. Mit dem Wavetrac ist die Leistung mit den Kohlefaser-Vorspannplatten konsistent!<br \/>\nDas patentierte Wellenprofil eliminiert den Effekt eines nahezu lastfreien und lastfreien Antriebs, der bei allen anderen ATB-LSDs des Getriebetyps auftritt.<br \/>\nDurchg\u00e4ngig verwendete ARP-Schrauben f\u00fcr \u00fcberlegene, schnellere Zuverl\u00e4ssigkeit.<br \/>\n9310 Stahlzahnr\u00e4der laufen in Block- oder Schmiedestahlgeh\u00e4usen.<br \/>\nHergestellt und konstruiert in den USA<\/p>\n<p>WAVETRAC: Glatt ist schnell<\/p>\n<p>Das Sch\u00f6ne am Wavetrac ist, dass er sich ideal f\u00fcr Hochleistungs-Stra\u00dfenfahrzeuge eignet, die auf der Schiene eingesetzt werden. Er ist sehr stark und dennoch transparent f\u00fcr Fahrer und Traktionskontrollelektronik w\u00e4hrend der normalen Fahrt. Auf der Rennstrecke oder bei temperamentvoller Stra\u00dfenfahrt bietet er beiden R\u00e4dern Antrieb, ohne die Handlingsprobleme, die herk\u00f6mmliche Kupplungsdifferentiale verursachen (bei einem Wavetrac gibt es keine Neigung zum Schieben\/ Untersteuern).<\/p>\n<p>Der Wavetrac \u00fcbertrifft andere Getriebe-Differentiale, weil er im Gegensatz zu ihnen nicht antriebsschwach wird, wenn eine Achse unbelastet ist (was h\u00e4ufiger vorkommt, als man denkt).<\/p>\n<p>Und schlie\u00dflich ist einer der am meisten untersch\u00e4tzten Vorteile des Wavetrac seine gleichm\u00e4\u00dfige Leistungsabgabe nahe der Grenze. Sein patentiertes Design sorgt f\u00fcr eine sehr vorhersehbare, sanfte Kraft\u00fcbertragung, wenn Sie sie am meisten brauchen &#8211; wenn die Dinge an ihren Grenzen sto\u00dfen: am Rande der Traktion in der Mitte der Kurve und mit dem Gashebel, um sie dort zu halten; oder wenn Sie ein wenig hei\u00df in eine Kurve kommen, aber schnell wieder auf sie zur\u00fcckkommen, um die Ausstiegsgeschwindigkeit zu halten&#8230;<\/p>\n<p>Diese Situationen sind f\u00fcr den Fahrer oft subjektiv, aber der Nutzen ist sp\u00fcrbar. Der Wavetrac macht Sie schneller, weil Sie mit Zuversicht fahren k\u00f6nnen. Geschmeidig ist schnell.<\/p>\n","protected":false},"excerpt":{"rendered":"<p><strong>Produkt auf Anfrage<\/strong><\/p>\n","protected":false},"featured_media":4964,"template":"","meta":{"_kad_blocks_custom_css":"","_kad_blocks_head_custom_js":"","_kad_blocks_body_custom_js":"","_kad_blocks_footer_custom_js":"","_kad_post_transparent":"default","_kad_post_title":"","_kad_post_layout":"default","_kad_post_sidebar_id":"","_kad_post_content_style":"default","_kad_post_vertical_padding":"default","_kad_post_feature":"","_kad_post_feature_position":"","_kad_post_header":false,"_kad_post_footer":false},"product_cat":[672,276],"product_tag":[],"featured_image_src_large":["https:\/\/haldex-lsd.com\/wp-content\/uploads\/2020\/11\/WavetracR_57140WK_640.jpg",640,480,false],"author_info":[],"comment_info":"","taxonomy_info":{"product_cat":[{"value":672,"label":"Angebot"},{"value":276,"label":"Holden \/ Pontiac \/ Chevrolet Applications"}]},"_links":{"self":[{"href":"https:\/\/haldex-lsd.com\/en\/wp-json\/wp\/v3\/product\/4963"}],"collection":[{"href":"https:\/\/haldex-lsd.com\/en\/wp-json\/wp\/v3\/product"}],"about":[{"href":"https:\/\/haldex-lsd.com\/en\/wp-json\/wp\/v2\/types\/product"}],"wp:featuredmedia":[{"embeddable":true,"href":"https:\/\/haldex-lsd.com\/en\/wp-json\/wp\/v2\/media\/4964"}],"wp:attachment":[{"href":"https:\/\/haldex-lsd.com\/en\/wp-json\/wp\/v2\/media?parent=4963"}],"wp:term":[{"taxonomy":"product_cat","embeddable":true,"href":"https:\/\/haldex-lsd.com\/en\/wp-json\/wp\/v2\/product_cat?post=4963"},{"taxonomy":"product_tag","embeddable":true,"href":"https:\/\/haldex-lsd.com\/en\/wp-json\/wp\/v2\/product_tag?post=4963"}],"curies":[{"name":"wp","href":"https:\/\/api.w.org\/{rel}","templated":true}]}}